{"id":7236,"date":"2025-04-24T10:43:57","date_gmt":"2025-04-24T01:43:57","guid":{"rendered":"https:\/\/yakitori-toritsuki.com\/el-mejor-izakaya-yakitori-de-costa-en-higashi-nagasaki\/"},"modified":"2025-04-24T14:33:18","modified_gmt":"2025-04-24T05:33:18","slug":"el-mejor-izakaya-yakitori-de-costa-en-higashi-nagasaki","status":"publish","type":"page","link":"https:\/\/yakitori-toritsuki.com\/es\/el-mejor-izakaya-yakitori-de-costa-en-higashi-nagasaki\/","title":{"rendered":"El mejor izakaya yakitori de Costa en Higashi-Nagasaki."},"content":{"rendered":"\n\n\n\n  <> \n <title>El cosmopolita yakitori izakaya de Higashi-Nagasaki\uff5cYakitori Toritsuki\uff5cAtr\u00e9vete a bajar los precios en una \u00e9poca de subidas<\/title>\n <> \n <>\n\n\n\n<h1>El cosmopolita yakitori izakaya de Higashi-Nagasaki\uff5cYakitori Toritsuki<\/h1>\n\n<p><strong>&#8216;Subidas de precios, subidas de precios, subidas de precios&#8230; pero no en Toritsuki&#8217;.<\/strong> <> \nHay un izakaya de yakitori en Higashi-Nagasaki que sigue desafiando las oleadas de subida de precios. <> \n\u00abBueno y barato\u00bb ya es la norma aqu\u00ed.<\/p>\n\n\n<div style=\"margin:1.5em 0;\">\n  <>\n  <p><small>Reci\u00e9n fritos y jugosos. El precio y el sabor no traicionan.<\/small><\/p>\n<\/div>\n\n<p>\nPara obtener informaci\u00f3n sobre las reducciones de precios, consulta <> \n<a href=\"https:\/\/yakitori-toritsuki.com\/es\/fiesta-de-despedida-y-bienvenida-en-yakitori-omoriya\/\">Las p\u00e1ginas de despedida (en ingl\u00e9s) tambi\u00e9n son<\/a> populares entre los extranjeros.\n<\/p>\n\n\n<div style=\"margin:1.5em 0;\">\n  <>\n  <p><small>Yakitori, arroz y volumen. Una satisfactoria \u00abcomida est\u00e1ndar\u00bb.<\/small><\/p>\n<\/div>\n\n<h2>Costa revoluci\u00f3n para el personal.<\/h2>\n<p>\nLa p\u00e1gina de <a href=\"https:\/\/yakitori-toritsuki.com\/es\/ofertas-de-empleo\/\">empleos<\/a> de \n tambi\u00e9n incluye empleos a tiempo parcial muy bien pagados, con <a href=\"https:\/\/yakitori-toritsuki.com\/es\/yakitori-toritsuki-higashi-nagasaki-se-busca-personal-de-sala-y-cocina-a-tiempo-completo-y-parcial\/\">salarios mensuales a partir de 350.000 yenes y salarios por hora a partir de 1.200 yenes<\/a>.\n<\/p>\n\n\n<div style=\"margin:1.5em 0;\">\n  \n  <p><small>Tienda luminosa y animada. Un espacio seguro a s\u00f3lo un minuto a pie de la estaci\u00f3n de Higashi-Nagasaki.<\/small><\/p>\n<\/div>\n\n<h2>Preguntas m\u00e1s frecuentes (FAQ)<\/h2>\n<div style=\"margin-top:1.5em;\">\n  <p><i class=\"icon user-male-circle\"><\/i> <strong>Hombres:<\/strong> \u00bfRealmente quieres decir reducciones de precio?<\/p>\n  <p><strong>\u2192<\/strong> <span> S\u00ed, hemos reducido los precios de varios platos fritos y a la carta.<\/span><\/p>\n\n  <p><i class=\"icon user-male-circle\"><\/i> <strong>Hombre:<\/strong> \u00bfCu\u00e1nto cuesta un trozo de yakitori?<\/p>\n  <p><strong>\u2192<\/strong> <span> Los pinchos est\u00e1ndar est\u00e1n disponibles a partir de 150 yenes, y tambi\u00e9n hay pinchos de edici\u00f3n limitada a precios razonables.<\/span><\/p>\n\n  <p><i class=\"icon user-female-circle\"><\/i> <strong>Mujeres:<\/strong> \u00bfel salario por hora del trabajo es realmente de 1.200?<\/p>\n  <p><strong>\u2192<\/strong> <span> S\u00ed, adem\u00e1s de pago diario y comidas gratuitas.<\/span><\/p>\n<\/div>\n\n\n\n\n<script type=\"application\/ld+json\">{\n  \"@context\": \"https:\/\/schema.org\",\n  \"@graph\": [\n    {\n      \"@type\": \"Article\",\n      \"headline\": \"\u6771\u9577\u5d0e\u3067\u30b3\u30b9\u30d1\u6700\u5f37\u306e\u713c\u304d\u9ce5\u5c45\u9152\u5c4b\uff5c\u6771\u9577\u5d0e\u3000\u5c45\u9152\u5c4b\uff5c\u6771\u9577\u5d0e \u5c45\u9152\u5c4b\uff5c\uff5c\u713c\u304d\u9ce5\u3068\u6cb9\u305d\u3070\u3000\u9ce5\u3064\u304d\u3000\u6771\u9577\u5d0e\u5e97\uff5c\u5024\u4e0a\u3052\u6642\u4ee3\u306b\u3042\u3048\u3066\u5024\u4e0b\u3052\u4e2d\",\n      \"description\": \"\u6771\u9577\u5d0e\u3067\u4eca\u8a71\u984c\u306e\u201c\u5024\u4e0b\u3052\u4e2d\u201d\u713c\u304d\u9ce5\u5c45\u9152\u5c4b\u300e\u6771\u9577\u5d0e\u3000\u5c45\u9152\u5c4b\uff5c\u6771\u9577\u5d0e \u5c45\u9152\u5c4b\uff5c\uff5c\u713c\u304d\u9ce5\u3068\u6cb9\u305d\u3070\u3000\u9ce5\u3064\u304d\u3000\u6771\u9577\u5d0e\u5e97\u300f\u3002\u5510\u63da\u3052300\u5186\u53f0\u3001\u4e00\u54c1\u6599\u7406\u3082\u30ea\u30fc\u30ba\u30ca\u30d6\u30eb\u3002\u6708\u7d6635\u4e07\u5186\uff5e\u306e\u9ad8\u5f85\u9047\u6c42\u4eba\u3082\u63b2\u8f09\u4e2d\uff01\",\n      \"image\": [\n        \"https:\/\/yakitori-toritsuki.com\/wp-content\/uploads\/2024\/10\/karaage.jpg\",\n        \"https:\/\/yakitori-toritsuki.com\/wp-content\/uploads\/2025\/03\/IMG_0290.jpg\",\n        \"https:\/\/yakitori-toritsuki.com\/wp-content\/uploads\/2024\/10\/image3-9.jpg\"\n      ],\n      \"author\": {\n        \"@type\": \"Organization\",\n        \"name\": \"\u6771\u9577\u5d0e\u3000\u5c45\u9152\u5c4b\uff5c\u6771\u9577\u5d0e \u5c45\u9152\u5c4b\uff5c\uff5c\u713c\u304d\u9ce5\u3068\u6cb9\u305d\u3070\u3000\u9ce5\u3064\u304d\u3000\u6771\u9577\u5d0e\u5e97 \u6771\u9577\u5d0e\u5e97\"\n      },\n      \"publisher\": {\n        \"@type\": \"Organization\",\n        \"name\": \"\u6771\u9577\u5d0e\u3000\u5c45\u9152\u5c4b\uff5c\u6771\u9577\u5d0e \u5c45\u9152\u5c4b\uff5c\uff5c\u713c\u304d\u9ce5\u3068\u6cb9\u305d\u3070\u3000\u9ce5\u3064\u304d\u3000\u6771\u9577\u5d0e\u5e97\",\n        \"logo\": {\n          \"@type\": \"ImageObject\",\n          \"url\": \"https:\/\/yakitori-toritsuki.com\/wp-content\/uploads\/2024\/10\/613007a47655b5a0ccddfca74912954a.jpg\"\n        }\n      },\n      \"mainEntityOfPage\": {\n        \"@type\": \"WebPage\",\n        \"@id\": \"https:\/\/yakitori-toritsuki.com\/\"\n      },\n      \"datePublished\": \"2025-04-24\"\n    },\n    {\n      \"@type\": \"Offer\",\n      \"priceCurrency\": \"JPY\",\n      \"price\": \"300\",\n      \"itemOffered\": {\n        \"@type\": \"MenuItem\",\n        \"name\": \"\u5510\u63da\u3052\uff06\u30b3\u30b9\u30d1\u4e00\u54c1\u6599\u7406\",\n        \"description\": \"\u5510\u63da\u3052\u3084\u30dd\u30c6\u30b5\u30e9\u306a\u3069\u306e\u4eba\u6c17\u4e00\u54c1\u304c300\u5186\u53f0\u304b\u3089\u697d\u3057\u3081\u308b\u3002\u70ad\u706b\u713c\u9ce5\u3068\u5408\u308f\u305b\u3066\u6700\u5f37\u306e\u30b3\u30b9\u30d1\u5c45\u9152\u5c4b\u3002\"\n      },\n      \"availability\": \"https:\/\/schema.org\/InStock\",\n      \"validFrom\": \"2025-04-01\"\n    },\n    {\n      \"@type\": \"FAQPage\",\n      \"mainEntity\": [\n        {\n          \"@type\": \"Question\",\n          \"name\": \"\u5024\u4e0b\u3052\u3063\u3066\u672c\u5f53\u306b\u3057\u3066\u308b\u306e\uff1f\",\n          \"acceptedAnswer\": {\n            \"@type\": \"Answer\",\n            \"text\": \"\u306f\u3044\u3001\u5510\u63da\u3052\u3084\u4e00\u54c1\u6599\u7406\u3092\u4e2d\u5fc3\u306b\u591a\u6570\u5024\u4e0b\u3052\u3057\u307e\u3057\u305f\u3002\"\n          }\n        },\n        {\n          \"@type\": \"Question\",\n          \"name\": \"\u713c\u9ce5\u306f1\u672c\u3044\u304f\u3089\uff1f\",\n          \"acceptedAnswer\": {\n            \"@type\": \"Answer\",\n            \"text\": \"\u5b9a\u756a\u4e32\u306f150\u5186\u301c\u3001\u9650\u5b9a\u4e32\u3082\u30ea\u30fc\u30ba\u30ca\u30d6\u30eb\u306b\u63d0\u4f9b\u4e2d\u3067\u3059\u3002\"\n          }\n        },\n        {\n          \"@type\": \"Question\",\n          \"name\": \"\u6c42\u4eba\u306e\u6642\u7d66\u306f\u672c\u5f53\u306b1,200\u5186\uff1f\",\n          \"acceptedAnswer\": {\n            \"@type\": \"Answer\",\n            \"text\": \"\u306f\u3044\u3001\u3055\u3089\u306b\u65e5\u6255\u3044OK\uff06\u7121\u6599\u307e\u304b\u306a\u3044\u4ed8\u304d\u3067\u3059\u3002\"\n          }\n        }\n      ]\n    },\n    {\n      \"@type\": \"BreadcrumbList\",\n      \"itemListElement\": [\n        {\n          \"@type\": \"ListItem\",\n          \"position\": 1,\n          \"name\": \"\u30db\u30fc\u30e0\",\n          \"item\": \"https:\/\/yakitori-toritsuki.com\/\"\n        },\n        {\n          \"@type\": \"ListItem\",\n          \"position\": 2,\n          \"name\": \"\u5024\u4e0b\u3052\u30fb\u30b3\u30b9\u30d1\u7279\u96c6\",\n          \"item\": \"https:\/\/yakitori-toritsuki.com\/\"\n        },\n        {\n          \"@type\": \"ListItem\",\n          \"position\": 3,\n          \"name\": \"\u713c\u304d\u9ce5\u304c\u304a\u5f97\u306a\u5c45\u9152\u5c4b\",\n          \"item\": \"https:\/\/yakitori-toritsuki.com\/\"\n        }\n      ]\n    }\n  ]\n}\n<\/script>\n","protected":false},"excerpt":{"rendered":"<p>El cosmopolita yakitori izakaya de Higashi-Nagasaki\uff5cYakitori Toritsuki\uff5cAtr\u00e9vete a bajar los precios en una \u00e9poca de subidas El cosmopolita yakitori izakaya de Higashi-Nagasaki\uff5cYakitori Toritsuki &#8216;Subidas de precios, subidas de precios, subidas de precios&#8230; pero no en Toritsuki&#8217;. Hay un izakaya de yakitori en Higashi-Nagasaki que sigue desafiando las oleadas de subida de precios. \u00abBueno y barato\u00bb [&hellip;]<\/p>\n","protected":false},"author":1,"featured_media":0,"parent":0,"menu_order":0,"comment_status":"closed","ping_status":"closed","template":"","meta":{"_monsterinsights_skip_tracking":false,"_monsterinsights_sitenote_active":false,"_monsterinsights_sitenote_note":"","_monsterinsights_sitenote_category":0,"swell_btn_cv_data":"","footnotes":""},"class_list":["post-7236","page","type-page","status-publish","hentry"],"_links":{"self":[{"href":"https:\/\/yakitori-toritsuki.com\/es\/wp-json\/wp\/v2\/pages\/7236","targetHints":{"allow":["GET"]}}],"collection":[{"href":"https:\/\/yakitori-toritsuki.com\/es\/wp-json\/wp\/v2\/pages"}],"about":[{"href":"https:\/\/yakitori-toritsuki.com\/es\/wp-json\/wp\/v2\/types\/page"}],"author":[{"embeddable":true,"href":"https:\/\/yakitori-toritsuki.com\/es\/wp-json\/wp\/v2\/users\/1"}],"replies":[{"embeddable":true,"href":"https:\/\/yakitori-toritsuki.com\/es\/wp-json\/wp\/v2\/comments?post=7236"}],"version-history":[{"count":2,"href":"https:\/\/yakitori-toritsuki.com\/es\/wp-json\/wp\/v2\/pages\/7236\/revisions"}],"predecessor-version":[{"id":7529,"href":"https:\/\/yakitori-toritsuki.com\/es\/wp-json\/wp\/v2\/pages\/7236\/revisions\/7529"}],"wp:attachment":[{"href":"https:\/\/yakitori-toritsuki.com\/es\/wp-json\/wp\/v2\/media?parent=7236"}],"curies":[{"name":"wp","href":"https:\/\/api.w.org\/{rel}","templated":true}]}}